{"id":93622,"date":"2025-09-12T12:40:39","date_gmt":"2025-09-12T10:40:39","guid":{"rendered":"https:\/\/shop.muca.eu\/?post_type=product&#038;p=93622"},"modified":"2026-04-19T12:50:55","modified_gmt":"2026-04-19T10:50:55","slug":"t-shirt-vhils-cityscape-munich","status":"publish","type":"product","link":"https:\/\/shop.muca.eu\/en\/product\/t-shirt-vhils-cityscape-munich\/","title":{"rendered":"T-Shirt - Vhils: Cityscape Munich"},"content":{"rendered":"<p><strong>Art to wear: Discover our exclusive T-shirts with works by the <a href=\"https:\/\/www.muca.eu\/exhibition\/vhils-strata\/\" target=\"_blank\" rel=\"noopener\">current exhibition of Vhils<\/a> - fairtrade and printed in Munich.<\/strong><\/p>\n<p>&nbsp;<\/p>\n<p><strong>Motif:<\/strong> Cityscape Munich by Alexandre Farto aka Vhils<\/p>\n<p><strong>Sizes<\/strong>: S, M, L, XL, XXL<\/p>\n<p>&nbsp;<\/p>\n<p>Gender-neutral style with side seams #fit<\/p>\n<p>Robust 220 g\/m\u00b2 fabric with a first-class feel #comfort<\/p>\n<p>Authentic streetwear look #kultur<\/p>\n<p>Ribbed neckline for an authentic look #modern<\/p>\n<p>Offset shoulder seams with a relaxed, intentionally oversized fit #streetstyle<\/p>\n<p>&nbsp;<\/p>\n<p>Care instructions:<\/p>\n<ul>\n<li>Washable up to 30\u00b0C<\/li>\n<li>Do not iron the motif<\/li>\n<li>Dry at a low temperature<\/li>\n<\/ul>","protected":false},"excerpt":{"rendered":"<p>Kunst zum Anziehen: Entdecke unsere exklusiven T-Shirts mit Werken der aktuellen Ausstellung von Vhils \u2013 fairtrade und in M\u00fcnchen gedruckt. &nbsp; Motiv: Cityscape Munich von Alexandre Farto aka Vhils Gr\u00f6\u00dfen: S, M, L, XL, XXL &nbsp; Geschlechtsneutraler Style mit Seitenn\u00e4hten #passform Robuster 220 g\/m\u00b2 Stoff mit erstklassigem Tragegef\u00fchl #komfort Authentischer Streetwear-Look #kultur Gerippter Ausschnitt f\u00fcr [&hellip;]<\/p>","protected":false},"author":6,"featured_media":98494,"comment_status":"closed","ping_status":"closed","template":"","meta":{"_acf_changed":false,"inline_featured_image":false,"_mbp_gutenberg_autopost":false},"product_brand":[],"product_cat":[440],"product_tag":[203,321],"class_list":{"0":"post-93622","1":"product","2":"type-product","3":"status-publish","4":"has-post-thumbnail","6":"product_cat-merchandise","7":"product_tag-muca","8":"product_tag-vhils","9":"product_shipping_class-standard-books","11":"first","12":"instock","13":"taxable","14":"shipping-taxable","15":"purchasable","16":"product-type-variable"},"acf":[],"publishpress_future_action":{"enabled":false,"date":"2026-04-30 04:11:44","action":"change-status","newStatus":"private","terms":[],"taxonomy":"product_cat","extraData":[]},"publishpress_future_workflow_manual_trigger":{"enabledWorkflows":[]},"_links":{"self":[{"href":"https:\/\/shop.muca.eu\/en\/wp-json\/wp\/v2\/product\/93622","targetHints":{"allow":["GET"]}}],"collection":[{"href":"https:\/\/shop.muca.eu\/en\/wp-json\/wp\/v2\/product"}],"about":[{"href":"https:\/\/shop.muca.eu\/en\/wp-json\/wp\/v2\/types\/product"}],"author":[{"embeddable":true,"href":"https:\/\/shop.muca.eu\/en\/wp-json\/wp\/v2\/users\/6"}],"replies":[{"embeddable":true,"href":"https:\/\/shop.muca.eu\/en\/wp-json\/wp\/v2\/comments?post=93622"}],"wp:featuredmedia":[{"embeddable":true,"href":"https:\/\/shop.muca.eu\/en\/wp-json\/wp\/v2\/media\/98494"}],"wp:attachment":[{"href":"https:\/\/shop.muca.eu\/en\/wp-json\/wp\/v2\/media?parent=93622"}],"wp:term":[{"taxonomy":"product_brand","embeddable":true,"href":"https:\/\/shop.muca.eu\/en\/wp-json\/wp\/v2\/product_brand?post=93622"},{"taxonomy":"product_cat","embeddable":true,"href":"https:\/\/shop.muca.eu\/en\/wp-json\/wp\/v2\/product_cat?post=93622"},{"taxonomy":"product_tag","embeddable":true,"href":"https:\/\/shop.muca.eu\/en\/wp-json\/wp\/v2\/product_tag?post=93622"}],"curies":[{"name":"wp","href":"https:\/\/api.w.org\/{rel}","templated":true}]}}