{"id":85877,"date":"2025-03-12T12:21:38","date_gmt":"2025-03-12T11:21:38","guid":{"rendered":"https:\/\/shop.muca.eu\/?post_type=product&#038;p=85877"},"modified":"2026-04-08T16:40:18","modified_gmt":"2026-04-08T14:40:18","slug":"t-shirt-vhils-umbra-series-2","status":"publish","type":"product","link":"https:\/\/shop.muca.eu\/en\/product\/t-shirt-vhils-umbra-series-2\/","title":{"rendered":"T-shirt - Vhils Umbra Series #2"},"content":{"rendered":"<p><strong>Art to wear: Discover our exclusive T-shirts with works by the <a href=\"https:\/\/www.muca.eu\/exhibition\/vhils-strata\/\" target=\"_blank\" rel=\"noopener\">current exhibition of Vhils<\/a> - fairtrade and printed in Munich.<\/strong><\/p>\n<p>&nbsp;<\/p>\n<p><strong>Motif:<\/strong> Umbra Series #2 by Alexandre Farto aka Vhils<\/p>\n<p><strong>Sizes<\/strong>: S, M, L, XL, XXL<\/p>\n<p>&nbsp;<\/p>\n<p>Gender-neutral style with side seams #fit<\/p>\n<p>Robust 220 g\/m\u00b2 fabric with a first-class feel #comfort<\/p>\n<p>Authentic streetwear look #kultur<\/p>\n<p>Ribbed neckline for an authentic look #modern<\/p>\n<p>Offset shoulder seams with a relaxed, intentionally oversized fit #streetstyle<\/p>\n<p>&nbsp;<\/p>\n<p>Care instructions:<\/p>\n<ul>\n<li>Washable up to 30\u00b0C<\/li>\n<li>Do not iron the motif<\/li>\n<li>Dry at a low temperature<\/li>\n<\/ul>","protected":false},"excerpt":{"rendered":"<p>Kunst zum Anziehen: Entdecke unsere exklusiven T-Shirts mit Werken der aktuellen Ausstellung von Vhils \u2013 fairtrade und in M\u00fcnchen gedruckt. &nbsp; Motiv: Umbra Series #2 von Alexandre Farto aka Vhils Gr\u00f6\u00dfen: S, M, L, XL, XXL &nbsp; Geschlechtsneutraler Style mit Seitenn\u00e4hten #passform Robuster 220 g\/m\u00b2 Stoff mit erstklassigem Tragegef\u00fchl #komfort Authentischer Streetwear-Look #kultur Gerippter Ausschnitt [&hellip;]<\/p>","protected":false},"author":6,"featured_media":88398,"comment_status":"closed","ping_status":"closed","template":"","meta":{"_acf_changed":false,"inline_featured_image":false,"_mbp_gutenberg_autopost":false},"product_brand":[],"product_cat":[440],"product_tag":[439,203],"class_list":{"0":"post-85877","1":"product","2":"type-product","3":"status-publish","4":"has-post-thumbnail","6":"product_cat-merchandise","7":"product_tag-damien-hirst","8":"product_tag-muca","9":"product_shipping_class-standard-books","11":"first","12":"instock","13":"taxable","14":"shipping-taxable","15":"purchasable","16":"product-type-variable"},"acf":[],"publishpress_future_action":{"enabled":false,"date":"2026-05-03 13:57:21","action":"change-status","newStatus":"private","terms":[],"taxonomy":"product_cat","extraData":[]},"publishpress_future_workflow_manual_trigger":{"enabledWorkflows":[]},"_links":{"self":[{"href":"https:\/\/shop.muca.eu\/en\/wp-json\/wp\/v2\/product\/85877","targetHints":{"allow":["GET"]}}],"collection":[{"href":"https:\/\/shop.muca.eu\/en\/wp-json\/wp\/v2\/product"}],"about":[{"href":"https:\/\/shop.muca.eu\/en\/wp-json\/wp\/v2\/types\/product"}],"author":[{"embeddable":true,"href":"https:\/\/shop.muca.eu\/en\/wp-json\/wp\/v2\/users\/6"}],"replies":[{"embeddable":true,"href":"https:\/\/shop.muca.eu\/en\/wp-json\/wp\/v2\/comments?post=85877"}],"wp:featuredmedia":[{"embeddable":true,"href":"https:\/\/shop.muca.eu\/en\/wp-json\/wp\/v2\/media\/88398"}],"wp:attachment":[{"href":"https:\/\/shop.muca.eu\/en\/wp-json\/wp\/v2\/media?parent=85877"}],"wp:term":[{"taxonomy":"product_brand","embeddable":true,"href":"https:\/\/shop.muca.eu\/en\/wp-json\/wp\/v2\/product_brand?post=85877"},{"taxonomy":"product_cat","embeddable":true,"href":"https:\/\/shop.muca.eu\/en\/wp-json\/wp\/v2\/product_cat?post=85877"},{"taxonomy":"product_tag","embeddable":true,"href":"https:\/\/shop.muca.eu\/en\/wp-json\/wp\/v2\/product_tag?post=85877"}],"curies":[{"name":"wp","href":"https:\/\/api.w.org\/{rel}","templated":true}]}}