{"id":8,"date":"2016-10-26T15:13:55","date_gmt":"2016-10-26T13:13:55","guid":{"rendered":"http:\/\/uamshop.thecase.digital\/warenkorb\/"},"modified":"2025-10-20T15:41:18","modified_gmt":"2025-10-20T13:41:18","slug":"warenkorb","status":"publish","type":"page","link":"https:\/\/shop.muca.eu\/en\/warenkorb\/","title":{"rendered":"Shopping cart"},"content":{"rendered":"<div data-elementor-type=\"wp-page\" data-elementor-id=\"8\" class=\"elementor elementor-8\" data-elementor-post-type=\"page\">\n\t\t\t\t\t\t<section class=\"elementor-section elementor-top-section elementor-element elementor-element-651b79d0 elementor-section-height-min-height elementor-section-items-top elementor-section-content-top elementor-section-boxed elementor-section-height-default\" data-id=\"651b79d0\" data-element_type=\"section\">\n\t\t\t\t\t\t<div class=\"elementor-container elementor-column-gap-default\">\n\t\t\t\t\t<div class=\"elementor-column elementor-col-100 elementor-top-column elementor-element elementor-element-2d817d39\" data-id=\"2d817d39\" data-element_type=\"column\">\n\t\t\t<div class=\"elementor-widget-wrap elementor-element-populated\">\n\t\t\t\t\t\t<div class=\"elementor-element elementor-element-a5ba1d1 elementor-grid-5 elementor-grid-tablet-2 products-heading-show elementor-grid-mobile-2 elementor-products-grid elementor-wc-products elementor-widget elementor-widget-woocommerce-products\" data-id=\"a5ba1d1\" data-element_type=\"widget\" data-widget_type=\"woocommerce-products.default\">\n\t\t\t\t<div class=\"elementor-widget-container\">\n\t\t\t\t\t<div class=\"woocommerce\"><\/div>\t\t\t\t<\/div>\n\t\t\t\t<\/div>\n\t\t\t\t\t<\/div>\n\t\t<\/div>\n\t\t\t\t\t<\/div>\n\t\t<\/section>\n\t\t\t\t<\/div>","protected":false},"excerpt":{"rendered":"<p>Artikel entfernen Vorschaubild Produkt Preis Anzahl Zwischensumme &times; Eintritt MUCA | Vhils \u2013 Strata &#8211; Erm\u00e4\u00dfigtes Ticket Dieses Ticket gilt einmalig am Tag des ausgew\u00e4hlten Datums f\u00fcr die Ausstellung \u201cVHILS &#8211; STRATA\u201d im MUCA Haupthaus. Erm\u00e4\u00dfigung: Erm\u00e4\u00dfigtes Ticket Datum: 24. Oktober 2025 Zeitfenster: Ticket g\u00fcltig von 10-18 Uhr 9,00&nbsp;&euro; 1 9,00&nbsp;&euro; Warenkorb aktualisieren Gutschein anwenden [&hellip;]<\/p>","protected":false},"author":1,"featured_media":0,"parent":0,"menu_order":0,"comment_status":"closed","ping_status":"closed","template":"","meta":{"_acf_changed":false,"inline_featured_image":false,"_mbp_gutenberg_autopost":false,"footnotes":""},"categories":[],"tags":[],"class_list":["post-8","page","type-page","status-publish","hentry"],"acf":[],"publishpress_future_action":{"enabled":false,"date":"2026-05-05 20:42:16","action":"change-status","newStatus":"private","terms":[],"taxonomy":"category","extraData":[]},"publishpress_future_workflow_manual_trigger":{"enabledWorkflows":[]},"_links":{"self":[{"href":"https:\/\/shop.muca.eu\/en\/wp-json\/wp\/v2\/pages\/8","targetHints":{"allow":["GET"]}}],"collection":[{"href":"https:\/\/shop.muca.eu\/en\/wp-json\/wp\/v2\/pages"}],"about":[{"href":"https:\/\/shop.muca.eu\/en\/wp-json\/wp\/v2\/types\/page"}],"author":[{"embeddable":true,"href":"https:\/\/shop.muca.eu\/en\/wp-json\/wp\/v2\/users\/1"}],"replies":[{"embeddable":true,"href":"https:\/\/shop.muca.eu\/en\/wp-json\/wp\/v2\/comments?post=8"}],"version-history":[{"count":27,"href":"https:\/\/shop.muca.eu\/en\/wp-json\/wp\/v2\/pages\/8\/revisions"}],"predecessor-version":[{"id":96939,"href":"https:\/\/shop.muca.eu\/en\/wp-json\/wp\/v2\/pages\/8\/revisions\/96939"}],"wp:attachment":[{"href":"https:\/\/shop.muca.eu\/en\/wp-json\/wp\/v2\/media?parent=8"}],"wp:term":[{"taxonomy":"category","embeddable":true,"href":"https:\/\/shop.muca.eu\/en\/wp-json\/wp\/v2\/categories?post=8"},{"taxonomy":"post_tag","embeddable":true,"href":"https:\/\/shop.muca.eu\/en\/wp-json\/wp\/v2\/tags?post=8"}],"curies":[{"name":"wp","href":"https:\/\/api.w.org\/{rel}","templated":true}]}}